{"id":2,"date":"2012-07-06T21:34:14","date_gmt":"2012-07-06T21:34:14","guid":{"rendered":"http:\/\/www.kathrinstumpe.de\/?page_id=2"},"modified":"2020-01-05T23:14:17","modified_gmt":"2020-01-05T21:14:17","slug":"beispiel-seite","status":"publish","type":"page","link":"http:\/\/www.kathrinstumpe.de\/?page_id=2","title":{"rendered":"\u00dcber mich"},"content":{"rendered":"<p><img loading=\"lazy\" class=\"aligncenter wp-image-807 size-large\" src=\"http:\/\/www.kathrinstumpe.de\/wp-content\/uploads\/2012\/07\/ks_ueber_mich_pic-1024x1024.jpg\" alt=\"\" width=\"580\" height=\"580\" srcset=\"http:\/\/www.kathrinstumpe.de\/wp-content\/uploads\/2012\/07\/ks_ueber_mich_pic-1024x1024.jpg 1024w, http:\/\/www.kathrinstumpe.de\/wp-content\/uploads\/2012\/07\/ks_ueber_mich_pic-150x150.jpg 150w, http:\/\/www.kathrinstumpe.de\/wp-content\/uploads\/2012\/07\/ks_ueber_mich_pic-300x300.jpg 300w, http:\/\/www.kathrinstumpe.de\/wp-content\/uploads\/2012\/07\/ks_ueber_mich_pic-768x768.jpg 768w, http:\/\/www.kathrinstumpe.de\/wp-content\/uploads\/2012\/07\/ks_ueber_mich_pic-50x50.jpg 50w, http:\/\/www.kathrinstumpe.de\/wp-content\/uploads\/2012\/07\/ks_ueber_mich_pic.jpg 1280w\" sizes=\"(max-width: 580px) 100vw, 580px\" \/><\/p>\n<p class=\"intro\" style=\"text-align: center;\">Hallo, ich bin Kathrin.<br \/>\nIch bin Grafikdesignerin mit einem besonderen Gesp\u00fcr f\u00fcr Materialit\u00e4t und Haptik. Ich gestalte Printprodukte, entwickle visuelle Identit\u00e4ten und erarbeite Markenkonzepte.<\/p>\n<div class=\"line number1 index0 alt2\"><code class=\"plain plain\"><\/code><\/div>\n<p class=\"intro\"><span style=\"font-size: 0.875rem;\"><div class=\"two-columns-one\"><\/span><\/p>\n<div class=\"two-columns-one\"><\/div><\/p>\n<h4>Arbeitserfahrung<\/h4>\n<p><strong>seit 2020 <\/strong>Senior Branddesignerin bei <a href=\"https:\/\/www.viessmann.de\/\" target=\"_blank\" rel=\"noopener\">Viessmann Group<\/a>, Berlin<br \/>\n<strong>2018\u20132019<\/strong> Branddesignerin bei <a href=\"https:\/\/www.viessmann.de\/\" target=\"_blank\" rel=\"noopener\">Viessmann Group<\/a>, Berlin<br \/>\n<strong>2015\u20132018<\/strong> Grafikdesignerin bei <a href=\"http:\/\/pomplunspanier.com\" target=\"_blank\" rel=\"noopener noreferrer\">Pomplunspanier Kommunikation GmbH<\/a>, Berlin<br \/>\n<strong>seit 2014<\/strong> Freiberufliche Grafikdesignerin<br \/>\n<strong>2012\u20132014<\/strong> Grafikerin bei <a href=\"http:\/\/www.eatsleepanddesign.com\/\" target=\"_blank\" rel=\"noopener noreferrer\">Eat, Sleep + Design<\/a>, Berlin<\/p>\n<h4>Ausbildung<\/h4>\n<p><strong>2011<\/strong> Visual Communication, The Danish Design School, Kopenhagen, D\u00e4nemark<br \/>\n<strong>2008\u20132012<\/strong>\u00a0Crossmedia Design,\u00a0AKI ArtEZ Enschede, Niederlande (Bachelor of Design)<\/p>\n<\/div>\n<div class=\"two-columns-one last\">\n<h4>ich biete<\/h4>\n<p>Grafikdesign<br \/>\nCorporate Design<br \/>\nBranding\/Identity<br \/>\nIllustration<br \/>\nEditorial Design<br \/>\nKonzeption<br \/>\nExhibition\/Event Design<br \/>\nPackaging<br \/>\nScreendesign<br \/>\nWebdesign<\/p>\n<h4>Kunden Fest und Frei<\/h4>\n<p>Brillen Bouffier<br \/>\nBVR\u2013 Bundesverband der Deutschen Volksbanken und Raiffeisenbanken e. V.<br \/>\nElena Rueckert \u2013 Freelance Editor &#038; Communication Specialist<br \/>\nEleven<br \/>\nFauck OHG<br \/>\nHeineken Deutschland GmbH<br \/>\nHertha BSC<br \/>\nHerzraum<br \/>\nHochschule f\u00fcr Technik und Wirtschaft Berlin \u2013 HTW Berlin<br \/>\nimmo omnes<br \/>\nNew Wave Kreativmanufaktur<br \/>\nMalsalon Berlin<br \/>\nMontessori-Zentrum N\u00fcrnberg<br \/>\nNike Deutschland GmbH<br \/>\nRodenstock GmbH<br \/>\nSAND<br \/>\nViessmann<br \/>\nWWP Solutions<\/p>\n<\/div>\n<div class=\"divider\"><\/div>\n","protected":false},"excerpt":{"rendered":"<p>Hallo, ich bin Kathrin. Ich bin Grafikdesignerin mit einem besonderen Gesp\u00fcr f\u00fcr Materialit\u00e4t und Haptik. Ich gestalte Printprodukte, entwickle visuelle Identit\u00e4ten und erarbeite Markenkonzepte.<\/p>\n","protected":false},"author":2,"featured_media":0,"parent":0,"menu_order":0,"comment_status":"open","ping_status":"open","template":"page-templates\/about-page.php","meta":[],"_links":{"self":[{"href":"http:\/\/www.kathrinstumpe.de\/index.php?rest_route=\/wp\/v2\/pages\/2"}],"collection":[{"href":"http:\/\/www.kathrinstumpe.de\/index.php?rest_route=\/wp\/v2\/pages"}],"about":[{"href":"http:\/\/www.kathrinstumpe.de\/index.php?rest_route=\/wp\/v2\/types\/page"}],"author":[{"embeddable":true,"href":"http:\/\/www.kathrinstumpe.de\/index.php?rest_route=\/wp\/v2\/users\/2"}],"replies":[{"embeddable":true,"href":"http:\/\/www.kathrinstumpe.de\/index.php?rest_route=%2Fwp%2Fv2%2Fcomments&post=2"}],"version-history":[{"count":99,"href":"http:\/\/www.kathrinstumpe.de\/index.php?rest_route=\/wp\/v2\/pages\/2\/revisions"}],"predecessor-version":[{"id":1302,"href":"http:\/\/www.kathrinstumpe.de\/index.php?rest_route=\/wp\/v2\/pages\/2\/revisions\/1302"}],"wp:attachment":[{"href":"http:\/\/www.kathrinstumpe.de\/index.php?rest_route=%2Fwp%2Fv2%2Fmedia&parent=2"}],"curies":[{"name":"wp","href":"https:\/\/api.w.org\/{rel}","templated":true}]}}